{"id":4581,"date":"2024-04-26T02:51:00","date_gmt":"2024-04-26T02:51:00","guid":{"rendered":"https:\/\/xiranbabycare.com\/?post_type=product&#038;p=4581"},"modified":"2024-05-28T03:48:05","modified_gmt":"2024-05-28T03:48:05","slug":"private-label-baby-wash-bod-and-shampoo-cleanser-3-in-1-with-camellia-oil-net-wt-300ml-packaging%ef%bc%9aplastic-bottle-copy-copy-copy-copy-copy-copy-copy-copy-copy-copy-copy-38","status":"publish","type":"product","link":"https:\/\/xiranbabycare.com\/fr\/products\/private-label-baby-wash-bod-and-shampoo-cleanser-3-in-1-with-camellia-oil-net-wt-300ml-packaging%ef%bc%9aplastic-bottle-copy-copy-copy-copy-copy-copy-copy-copy-copy-copy-copy-38\/","title":{"rendered":"Lotion pour le corps hydratante \u00e0 l\u2019avoine et au calendula pour enfants de marque priv\u00e9e"},"content":{"rendered":"<style>.elementor-4581 .elementor-element.elementor-element-ae98a65 .jeg-elementor-kit.jkit-tabs .tab-nav-list{flex-wrap:nowrap;}.elementor-4581 .elementor-element.elementor-element-ae98a65 .jeg-elementor-kit.jkit-tabs .tab-nav-list .tab-nav{width:100%;background-color:var( --e-global-color-f5ea99c );}.elementor-4581 .elementor-element.elementor-element-ae98a65 .jeg-elementor-kit.jkit-tabs .tab-nav-list .tab-nav:not(.active):not(.hover-gradient):hover, .elementor-4581 .elementor-element.elementor-element-ae98a65 .jeg-elementor-kit.jkit-tabs .tab-nav-list .tab-nav.hover-gradient:not(.active):before{background-color:#CE997F;}.elementor-4581 .elementor-element.elementor-element-ae98a65 .jeg-elementor-kit.jkit-tabs .tab-nav-list:not(.slide):not(.over) .tab-nav.active, .elementor-4581 .elementor-element.elementor-element-ae98a65 .jeg-elementor-kit.jkit-tabs .tab-nav-list.slide .tab-nav:before, .elementor-4581 .elementor-element.elementor-element-ae98a65 .jeg-elementor-kit.jkit-tabs .tab-nav-list .tab-nav.tab-nav-cloned{background-color:var( --e-global-color-0996b00 );}.elementor-4581 .elementor-element.elementor-element-ae98a65 .jeg-elementor-kit.jkit-tabs .tab-nav-list .tab-title{font-size:20px;font-weight:700;}.elementor-4581 .elementor-element.elementor-element-ae98a65 .jeg-elementor-kit.jkit-tabs .tab-nav-list .tab-nav .tab-title{color:#000000;}.elementor-4581 .elementor-element.elementor-element-ae98a65 .jeg-elementor-kit.jkit-tabs .tab-nav-list .tab-nav:hover .tab-title{color:#FFFFFF;}.elementor-4581 .elementor-element.elementor-element-ae98a65 .jeg-elementor-kit.jkit-tabs .tab-nav-list .tab-nav.active .tab-title{color:#FFFFFF;}@media (max-width: 767px) {.elementor-element.elementor-element-ae98a65 .jeg-elementor-kit.jkit-tabs .tab-nav-list { -ms-flex-wrap: wrap; flex-wrap: wrap; -webkit-box-orient: horizontal; -webkit-box-direction: normal; -ms-flex-flow: row wrap; flex-flow: row wrap; } }@media (max-width: 767px) {.elementor-element.elementor-element-ae98a65 .jeg-elementor-kit.jkit-tabs .tab-nav-list .tab-nav { -webkit-box-flex: 1; -ms-flex: 1 1 auto; flex: 1 1 auto; } }@media (max-width: 767px) {.elementor-element.elementor-element-ae98a65 .jeg-elementor-kit.jkit-tabs .tab-nav-list.caret-on .tab-nav.active::after { display: none; } }@media (max-width: 767px) {.elementor-element.elementor-element-ae98a65 .jeg-elementor-kit.jkit-tabs.layout-vertical { -ms-flex-wrap: wrap; flex-wrap: wrap; } }@media (max-width: 767px) {.elementor-element.elementor-element-ae98a65 .jeg-elementor-kit.jkit-tabs.layout-vertical .tab-navigation { -webkit-box-flex: 1; -ms-flex: 1 100%; flex: 1 100%; } }@media (max-width: 767px) {.elementor-element.elementor-element-ae98a65 .jeg-elementor-kit.jkit-tabs.layout-vertical .tab-nav-list { -webkit-box-flex: 1; -ms-flex: 1 100%; flex: 1 100%; } }@media (max-width: 767px) {.elementor-element.elementor-element-ae98a65 .jeg-elementor-kit.jkit-tabs.layout-vertical .tab-nav-list .tab-nav { width: 100%; height: auto !important; -webkit-box-pack: center; -ms-flex-pack: center; justify-content: center; } }@media (max-width: 767px) {.elementor-element.elementor-element-ae98a65 .jeg-elementor-kit.jkit-tabs.layout-vertical .tab-nav-list.caret-on .tab-nav.active::after { display: none; } }<\/style>\t\t<div data-elementor-type=\"product-post\" data-elementor-id=\"4581\" class=\"elementor elementor-4581 elementor-4580\" data-elementor-post-type=\"product\">\n\t\t\t\t\t\t<section class=\"elementor-section elementor-top-section elementor-element elementor-element-19eaf5e elementor-section-boxed elementor-section-height-default elementor-section-height-default\" data-id=\"19eaf5e\" data-element_type=\"section\" data-e-type=\"section\" data-settings=\"{&quot;jet_parallax_layout_list&quot;:[]}\">\n\t\t\t\t\t\t<div class=\"elementor-container elementor-column-gap-default\">\n\t\t\t\t\t<div class=\"elementor-column elementor-col-100 elementor-top-column elementor-element elementor-element-12f62a2\" data-id=\"12f62a2\" data-element_type=\"column\" data-e-type=\"column\">\n\t\t\t<div class=\"elementor-widget-wrap elementor-element-populated\">\n\t\t\t\t\t\t<div class=\"elementor-element elementor-element-ae98a65 elementor-widget elementor-widget-jkit_tabs\" data-id=\"ae98a65\" data-element_type=\"widget\" data-e-type=\"widget\" data-widget_type=\"jkit_tabs.default\">\n\t\t\t\t<div class=\"elementor-widget-container\">\n\t\t\t\t\t<div  class=\"jeg-elementor-kit jkit-tabs layout-horizontal jeg_module___69da1b342b1b2\" ><div class=\"tab-navigation\"><ul class=\"tab-nav-list   \" data-toggle=\"0\"><li class=\"tab-nav active \" data-tab=\"tab-56d7e1d\"><span class=\"tab-title\">Key Ingredients<\/span><div class=\"tab-content\"><div class=\"tab-description\"><\/div><\/div><\/li><li class=\"tab-nav  \" data-tab=\"tab-d896c04\"><span class=\"tab-title\">Usage <\/span><div class=\"tab-content\"><div class=\"tab-description\"><\/div><\/div><\/li><li class=\"tab-nav  \" data-tab=\"tab-b152dc7\"><span class=\"tab-title\">Product Standard<\/span><div class=\"tab-content\"><div class=\"tab-description\"><\/div><\/div><\/li><\/ul><\/div><div class=\"tab-content-list\"><div class=\"tab-content tab-56d7e1d active\"><p style=\"text-align: left\"><img data-recalc-dims=\"1\" fetchpriority=\"high\" decoding=\"async\" class=\"wp-image-4597 alignleft\" src=\"https:\/\/i0.wp.com\/xiranbabycare.com\/wp-content\/uploads\/2024\/04\/body-lotion.jpg?resize=450%2C278\" alt=\"body lotion\" width=\"450\" height=\"278\" srcset=\"https:\/\/i0.wp.com\/xiranbabycare.com\/wp-content\/uploads\/2024\/04\/body-lotion.jpg?w=970&amp;ssl=1 970w, https:\/\/i0.wp.com\/xiranbabycare.com\/wp-content\/uploads\/2024\/04\/body-lotion.jpg?resize=300%2C186&amp;ssl=1 300w, https:\/\/i0.wp.com\/xiranbabycare.com\/wp-content\/uploads\/2024\/04\/body-lotion.jpg?resize=768%2C475&amp;ssl=1 768w, https:\/\/i0.wp.com\/xiranbabycare.com\/wp-content\/uploads\/2024\/04\/body-lotion.jpg?resize=600%2C371&amp;ssl=1 600w\" sizes=\"(max-width: 450px) 100vw, 450px\" \/><\/p><div class=\"attribute-item\"><h5><strong>Oat:<\/strong><\/h5><p>Oat is known to relieve dry, irritated patches on skin andscalp, and comfort the skin<\/p><h5><strong>Soothing Calendula:<\/strong><\/h5><p>Calendula is known to be soothing to sensitive skin as ithelps to reduce inflammation and calm irritated skin<\/p><h5><strong>Calming Chamomile:<\/strong><\/h5><p>Chamomile is a multi-taskerknown to help soothe and softenirritated skin and condition hairand scalp<\/p><p style=\"text-align: center\">\u00a0<\/p><\/div><\/div><div class=\"tab-content tab-d896c04 \"><p><img data-recalc-dims=\"1\" decoding=\"async\" class=\"wp-image-4602 alignleft\" src=\"https:\/\/i0.wp.com\/xiranbabycare.com\/wp-content\/uploads\/2024\/04\/Body-Lotion-for-Dry-or-Sensitive-Skin-.jpg?resize=450%2C338\" alt=\"Body Lotion for Dry or Sensitive Skin\" width=\"450\" height=\"338\" srcset=\"https:\/\/i0.wp.com\/xiranbabycare.com\/wp-content\/uploads\/2024\/04\/Body-Lotion-for-Dry-or-Sensitive-Skin-.jpg?w=631&amp;ssl=1 631w, https:\/\/i0.wp.com\/xiranbabycare.com\/wp-content\/uploads\/2024\/04\/Body-Lotion-for-Dry-or-Sensitive-Skin-.jpg?resize=300%2C225&amp;ssl=1 300w, https:\/\/i0.wp.com\/xiranbabycare.com\/wp-content\/uploads\/2024\/04\/Body-Lotion-for-Dry-or-Sensitive-Skin-.jpg?resize=600%2C451&amp;ssl=1 600w\" sizes=\"(max-width: 450px) 100vw, 450px\" \/><\/p><h5><strong>How To Use Calendula Body Lotion :<\/strong><\/h5><p>Apply to body morning and evening or as needed. Always patch-test a small area first.<\/p><h5><strong>Cautions\uff1a<\/strong><\/h5><p>keep out of reach of babies and children, If product gets into eyes, flush with water.<\/p><\/div><div class=\"tab-content tab-b152dc7 \"><style>.elementor-2202 .elementor-element.elementor-element-ac7e56c img{width:30%;}.elementor-2202 .elementor-element.elementor-element-94f1ea7{text-align:center;}.elementor-2202 .elementor-element.elementor-element-94f1ea7 .elementor-heading-title{font-size:25px;}.elementor-2202 .elementor-element.elementor-element-18cba35 img{width:30%;}.elementor-2202 .elementor-element.elementor-element-ba1bac5{text-align:center;}.elementor-2202 .elementor-element.elementor-element-ba1bac5 .elementor-heading-title{font-size:25px;}.elementor-2202 .elementor-element.elementor-element-6c4d891 img{width:30%;}.elementor-2202 .elementor-element.elementor-element-91380c8{text-align:center;}.elementor-2202 .elementor-element.elementor-element-91380c8 .elementor-heading-title{font-size:25px;}.elementor-2202 .elementor-element.elementor-element-cf8a2d7 img{width:30%;}.elementor-2202 .elementor-element.elementor-element-e840b3d{text-align:center;}.elementor-2202 .elementor-element.elementor-element-e840b3d .elementor-heading-title{font-size:25px;}<\/style>\t\t<div data-elementor-type=\"page\" data-elementor-id=\"2202\" class=\"elementor elementor-2202\" data-elementor-post-type=\"elementor_library\">\n\t\t\t\t\t\t<section class=\"elementor-section elementor-top-section elementor-element elementor-element-ced0545 elementor-section-boxed elementor-section-height-default elementor-section-height-default\" data-id=\"ced0545\" data-element_type=\"section\" data-e-type=\"section\" data-settings=\"{&quot;jet_parallax_layout_list&quot;:[]}\">\n\t\t\t\t\t\t<div class=\"elementor-container elementor-column-gap-default\">\n\t\t\t\t\t<div class=\"elementor-column elementor-col-100 elementor-top-column elementor-element elementor-element-06b54bc\" data-id=\"06b54bc\" data-element_type=\"column\" data-e-type=\"column\">\n\t\t\t<div class=\"elementor-widget-wrap elementor-element-populated\">\n\t\t\t\t\t\t<section class=\"elementor-section elementor-inner-section elementor-element elementor-element-36a0de4 elementor-section-boxed elementor-section-height-default elementor-section-height-default\" data-id=\"36a0de4\" data-element_type=\"section\" data-e-type=\"section\" data-settings=\"{&quot;jet_parallax_layout_list&quot;:[]}\">\n\t\t\t\t\t\t<div class=\"elementor-container elementor-column-gap-default\">\n\t\t\t\t\t<div class=\"elementor-column elementor-col-25 elementor-inner-column elementor-element elementor-element-789efe3\" data-id=\"789efe3\" data-element_type=\"column\" data-e-type=\"column\">\n\t\t\t<div class=\"elementor-widget-wrap elementor-element-populated\">\n\t\t\t\t\t\t<div class=\"elementor-element elementor-element-ac7e56c elementor-widget elementor-widget-image\" data-id=\"ac7e56c\" data-element_type=\"widget\" data-e-type=\"widget\" data-widget_type=\"image.default\">\n\t\t\t\t<div class=\"elementor-widget-container\">\n\t\t\t\t\t\t\t\t\t\t\t\t\t\t\t<img decoding=\"async\" width=\"512\" height=\"512\" src=\"https:\/\/i0.wp.com\/xiranbabycare.com\/wp-content\/uploads\/2023\/09\/icon-512.512-Cruelty-Free.png?fit=512%2C512&amp;ssl=1\" class=\"attachment-large size-large wp-image-2232\" alt=\"Natural &amp; Vegan Baby Body Wash\" srcset=\"https:\/\/i0.wp.com\/xiranbabycare.com\/wp-content\/uploads\/2023\/09\/icon-512.512-Cruelty-Free.png?w=512&amp;ssl=1 512w, https:\/\/i0.wp.com\/xiranbabycare.com\/wp-content\/uploads\/2023\/09\/icon-512.512-Cruelty-Free.png?resize=300%2C300&amp;ssl=1 300w, https:\/\/i0.wp.com\/xiranbabycare.com\/wp-content\/uploads\/2023\/09\/icon-512.512-Cruelty-Free.png?resize=150%2C150&amp;ssl=1 150w, https:\/\/i0.wp.com\/xiranbabycare.com\/wp-content\/uploads\/2023\/09\/icon-512.512-Cruelty-Free.png?resize=100%2C100&amp;ssl=1 100w\" sizes=\"(max-width: 512px) 100vw, 512px\" \/>\t\t\t\t\t\t\t\t\t\t\t\t\t\t\t<\/div>\n\t\t\t\t<\/div>\n\t\t\t\t<div class=\"elementor-element elementor-element-94f1ea7 elementor-widget elementor-widget-heading\" data-id=\"94f1ea7\" data-element_type=\"widget\" data-e-type=\"widget\" data-widget_type=\"heading.default\">\n\t\t\t\t<div class=\"elementor-widget-container\">\n\t\t\t\t\t<h2 class=\"elementor-heading-title elementor-size-default\">Cruelty Free<\/h2>\t\t\t\t<\/div>\n\t\t\t\t<\/div>\n\t\t\t\t\t<\/div>\n\t\t<\/div>\n\t\t\t\t<div class=\"elementor-column elementor-col-25 elementor-inner-column elementor-element elementor-element-cf8cec3\" data-id=\"cf8cec3\" data-element_type=\"column\" data-e-type=\"column\">\n\t\t\t<div class=\"elementor-widget-wrap elementor-element-populated\">\n\t\t\t\t\t\t<div class=\"elementor-element elementor-element-18cba35 elementor-widget elementor-widget-image\" data-id=\"18cba35\" data-element_type=\"widget\" data-e-type=\"widget\" data-widget_type=\"image.default\">\n\t\t\t\t<div class=\"elementor-widget-container\">\n\t\t\t\t\t\t\t\t\t\t\t\t\t\t\t<img loading=\"lazy\" decoding=\"async\" width=\"512\" height=\"512\" src=\"https:\/\/i0.wp.com\/xiranbabycare.com\/wp-content\/uploads\/2023\/09\/icon-512.512-100-Vegan.png?fit=512%2C512&amp;ssl=1\" class=\"attachment-large size-large wp-image-2229\" alt=\"Natural &amp; Vegan Baby Body Wash\" srcset=\"https:\/\/i0.wp.com\/xiranbabycare.com\/wp-content\/uploads\/2023\/09\/icon-512.512-100-Vegan.png?w=512&amp;ssl=1 512w, https:\/\/i0.wp.com\/xiranbabycare.com\/wp-content\/uploads\/2023\/09\/icon-512.512-100-Vegan.png?resize=300%2C300&amp;ssl=1 300w, https:\/\/i0.wp.com\/xiranbabycare.com\/wp-content\/uploads\/2023\/09\/icon-512.512-100-Vegan.png?resize=150%2C150&amp;ssl=1 150w, https:\/\/i0.wp.com\/xiranbabycare.com\/wp-content\/uploads\/2023\/09\/icon-512.512-100-Vegan.png?resize=100%2C100&amp;ssl=1 100w\" sizes=\"(max-width: 512px) 100vw, 512px\" \/>\t\t\t\t\t\t\t\t\t\t\t\t\t\t\t<\/div>\n\t\t\t\t<\/div>\n\t\t\t\t<div class=\"elementor-element elementor-element-ba1bac5 elementor-widget elementor-widget-heading\" data-id=\"ba1bac5\" data-element_type=\"widget\" data-e-type=\"widget\" data-widget_type=\"heading.default\">\n\t\t\t\t<div class=\"elementor-widget-container\">\n\t\t\t\t\t<h2 class=\"elementor-heading-title elementor-size-default\">100% Vegan<\/h2>\t\t\t\t<\/div>\n\t\t\t\t<\/div>\n\t\t\t\t\t<\/div>\n\t\t<\/div>\n\t\t\t\t<div class=\"elementor-column elementor-col-25 elementor-inner-column elementor-element elementor-element-dc166ff\" data-id=\"dc166ff\" data-element_type=\"column\" data-e-type=\"column\">\n\t\t\t<div class=\"elementor-widget-wrap elementor-element-populated\">\n\t\t\t\t\t\t<div class=\"elementor-element elementor-element-6c4d891 elementor-widget elementor-widget-image\" data-id=\"6c4d891\" data-element_type=\"widget\" data-e-type=\"widget\" data-widget_type=\"image.default\">\n\t\t\t\t<div class=\"elementor-widget-container\">\n\t\t\t\t\t\t\t\t\t\t\t\t\t\t\t<img loading=\"lazy\" decoding=\"async\" width=\"512\" height=\"512\" src=\"https:\/\/i0.wp.com\/xiranbabycare.com\/wp-content\/uploads\/2023\/09\/icon-512.512-Safe.png?fit=512%2C512&amp;ssl=1\" class=\"attachment-large size-large wp-image-2226\" alt=\"Natural &amp; Vegan Baby Body Wash\" srcset=\"https:\/\/i0.wp.com\/xiranbabycare.com\/wp-content\/uploads\/2023\/09\/icon-512.512-Safe.png?w=512&amp;ssl=1 512w, https:\/\/i0.wp.com\/xiranbabycare.com\/wp-content\/uploads\/2023\/09\/icon-512.512-Safe.png?resize=300%2C300&amp;ssl=1 300w, https:\/\/i0.wp.com\/xiranbabycare.com\/wp-content\/uploads\/2023\/09\/icon-512.512-Safe.png?resize=150%2C150&amp;ssl=1 150w, https:\/\/i0.wp.com\/xiranbabycare.com\/wp-content\/uploads\/2023\/09\/icon-512.512-Safe.png?resize=100%2C100&amp;ssl=1 100w\" sizes=\"(max-width: 512px) 100vw, 512px\" \/>\t\t\t\t\t\t\t\t\t\t\t\t\t\t\t<\/div>\n\t\t\t\t<\/div>\n\t\t\t\t<div class=\"elementor-element elementor-element-91380c8 elementor-widget elementor-widget-heading\" data-id=\"91380c8\" data-element_type=\"widget\" data-e-type=\"widget\" data-widget_type=\"heading.default\">\n\t\t\t\t<div class=\"elementor-widget-container\">\n\t\t\t\t\t<h2 class=\"elementor-heading-title elementor-size-default\">Safe<\/h2>\t\t\t\t<\/div>\n\t\t\t\t<\/div>\n\t\t\t\t\t<\/div>\n\t\t<\/div>\n\t\t\t\t<div class=\"elementor-column elementor-col-25 elementor-inner-column elementor-element elementor-element-c9ddaa3\" data-id=\"c9ddaa3\" data-element_type=\"column\" data-e-type=\"column\">\n\t\t\t<div class=\"elementor-widget-wrap elementor-element-populated\">\n\t\t\t\t\t\t<div class=\"elementor-element elementor-element-cf8a2d7 elementor-widget elementor-widget-image\" data-id=\"cf8a2d7\" data-element_type=\"widget\" data-e-type=\"widget\" data-widget_type=\"image.default\">\n\t\t\t\t<div class=\"elementor-widget-container\">\n\t\t\t\t\t\t\t\t\t\t\t\t\t\t\t<img loading=\"lazy\" decoding=\"async\" width=\"512\" height=\"512\" src=\"https:\/\/i0.wp.com\/xiranbabycare.com\/wp-content\/uploads\/2023\/09\/icon-512.512-Hypoallergenic.png?fit=512%2C512&amp;ssl=1\" class=\"attachment-large size-large wp-image-2235\" alt=\"Natural &amp; Vegan Baby Body Wash\" srcset=\"https:\/\/i0.wp.com\/xiranbabycare.com\/wp-content\/uploads\/2023\/09\/icon-512.512-Hypoallergenic.png?w=512&amp;ssl=1 512w, https:\/\/i0.wp.com\/xiranbabycare.com\/wp-content\/uploads\/2023\/09\/icon-512.512-Hypoallergenic.png?resize=300%2C300&amp;ssl=1 300w, https:\/\/i0.wp.com\/xiranbabycare.com\/wp-content\/uploads\/2023\/09\/icon-512.512-Hypoallergenic.png?resize=150%2C150&amp;ssl=1 150w, https:\/\/i0.wp.com\/xiranbabycare.com\/wp-content\/uploads\/2023\/09\/icon-512.512-Hypoallergenic.png?resize=100%2C100&amp;ssl=1 100w\" sizes=\"(max-width: 512px) 100vw, 512px\" \/>\t\t\t\t\t\t\t\t\t\t\t\t\t\t\t<\/div>\n\t\t\t\t<\/div>\n\t\t\t\t<div class=\"elementor-element elementor-element-e840b3d elementor-widget elementor-widget-heading\" data-id=\"e840b3d\" data-element_type=\"widget\" data-e-type=\"widget\" data-widget_type=\"heading.default\">\n\t\t\t\t<div class=\"elementor-widget-container\">\n\t\t\t\t\t<h2 class=\"elementor-heading-title elementor-size-default\">Hypoallergenic<\/h2>\t\t\t\t<\/div>\n\t\t\t\t<\/div>\n\t\t\t\t\t<\/div>\n\t\t<\/div>\n\t\t\t\t\t<\/div>\n\t\t<\/section>\n\t\t\t\t\t<\/div>\n\t\t<\/div>\n\t\t\t\t\t<\/div>\n\t\t<\/section>\n\t\t\t\t<\/div>\n\t\t<\/div><\/div><\/div>\t\t\t\t<\/div>\n\t\t\t\t<\/div>\n\t\t\t\t\t<\/div>\n\t\t<\/div>\n\t\t\t\t\t<\/div>\n\t\t<\/section>\n\t\t\t\t<\/div>\n\t\t","protected":false},"excerpt":{"rendered":"<h5><strong>Description:<\/strong><\/h5>\n<p>La lotion non grasse r\u00e9conforte, hydrate et apaise les peaux s\u00e8ches et sensibles. L\u00e9g\u00e8rement parfum\u00e9 au miel, \u00e0 l\u2019avoine et au parfum naturel chaud de vanille. Sans cruaut\u00e9 et v\u00e9g\u00e9talien. Pour tous les \u00e2ges.<\/p>\n<p>Une lotion corporelle l\u00e9g\u00e8re et douce infus\u00e9e d\u2019ingr\u00e9dients \u00e0 base de plantes, notamment de l\u2019avoine r\u00e9confortante et du calendula nourrissant, id\u00e9ale pour les peaux s\u00e8ches et sensibles. Cet hydratant \u00e0 absorption rapide laisse la peau douce, apais\u00e9e et hydrat\u00e9e.<\/p>\n","protected":false},"featured_media":4586,"template":"","meta":{"_seopress_robots_primary_cat":"","_seopress_titles_title":"Lotion pour le corps hydratante \u00e0 l\u2019avoine et au calendula pour enfants de marque priv\u00e9e","_seopress_titles_desc":"Lotion pour le corps hydratante v\u00e9g\u00e9talienne et calendula de haute qualit\u00e9 de marque priv\u00e9e pour les peaux s\u00e8ches ou sensibles","_seopress_robots_index":""},"product_brand":[],"product_cat":[172,142],"product_tag":[173],"class_list":{"0":"post-4581","1":"product","2":"type-product","3":"status-publish","4":"has-post-thumbnail","6":"product_cat-lotion-pour-le-corps-pour-enfants","7":"product_cat-soins-aux-enfants","8":"product_tag-shampoing-et-gel-douche-pour-bebe","10":"first","11":"instock","12":"shipping-taxable","13":"product-type-simple"},"jetpack_sharing_enabled":true,"_links":{"self":[{"href":"https:\/\/xiranbabycare.com\/fr\/wp-json\/wp\/v2\/product\/4581","targetHints":{"allow":["GET"]}}],"collection":[{"href":"https:\/\/xiranbabycare.com\/fr\/wp-json\/wp\/v2\/product"}],"about":[{"href":"https:\/\/xiranbabycare.com\/fr\/wp-json\/wp\/v2\/types\/product"}],"version-history":[{"count":0,"href":"https:\/\/xiranbabycare.com\/fr\/wp-json\/wp\/v2\/product\/4581\/revisions"}],"wp:featuredmedia":[{"embeddable":true,"href":"https:\/\/xiranbabycare.com\/fr\/wp-json\/wp\/v2\/media\/4586"}],"wp:attachment":[{"href":"https:\/\/xiranbabycare.com\/fr\/wp-json\/wp\/v2\/media?parent=4581"}],"wp:term":[{"taxonomy":"product_brand","embeddable":true,"href":"https:\/\/xiranbabycare.com\/fr\/wp-json\/wp\/v2\/product_brand?post=4581"},{"taxonomy":"product_cat","embeddable":true,"href":"https:\/\/xiranbabycare.com\/fr\/wp-json\/wp\/v2\/product_cat?post=4581"},{"taxonomy":"product_tag","embeddable":true,"href":"https:\/\/xiranbabycare.com\/fr\/wp-json\/wp\/v2\/product_tag?post=4581"}],"curies":[{"name":"wp","href":"https:\/\/api.w.org\/{rel}","templated":true}]}}