{"id":3913,"date":"2024-03-18T02:35:50","date_gmt":"2024-03-18T02:35:50","guid":{"rendered":"https:\/\/xiranbabycare.com\/?post_type=product&#038;p=3913"},"modified":"2024-05-28T03:50:22","modified_gmt":"2024-05-28T03:50:22","slug":"private-label-baby-wash-bod-and-shampoo-cleanser-3-in-1-with-camellia-oil-net-wt-300ml-packaging%ef%bc%9aplastic-bottle-copy-copy-copy-copy-copy-copy-copy-copy-copy-copy-copy-21","status":"publish","type":"product","link":"https:\/\/xiranbabycare.com\/fr\/products\/private-label-baby-wash-bod-and-shampoo-cleanser-3-in-1-with-camellia-oil-net-wt-300ml-packaging%ef%bc%9aplastic-bottle-copy-copy-copy-copy-copy-copy-copy-copy-copy-copy-copy-21\/","title":{"rendered":"Huile de massage pour b\u00e9b\u00e9 cam\u00e9lia aux plantes naturelles de marque priv\u00e9e"},"content":{"rendered":"<style>.elementor-3913 .elementor-element.elementor-element-ae98a65 .jeg-elementor-kit.jkit-tabs .tab-nav-list{flex-wrap:nowrap;}.elementor-3913 .elementor-element.elementor-element-ae98a65 .jeg-elementor-kit.jkit-tabs .tab-nav-list .tab-nav{width:100%;background-color:var( --e-global-color-f5ea99c );}.elementor-3913 .elementor-element.elementor-element-ae98a65 .jeg-elementor-kit.jkit-tabs .tab-nav-list .tab-nav:not(.active):not(.hover-gradient):hover, .elementor-3913 .elementor-element.elementor-element-ae98a65 .jeg-elementor-kit.jkit-tabs .tab-nav-list .tab-nav.hover-gradient:not(.active):before{background-color:#CE997F;}.elementor-3913 .elementor-element.elementor-element-ae98a65 .jeg-elementor-kit.jkit-tabs .tab-nav-list:not(.slide):not(.over) .tab-nav.active, .elementor-3913 .elementor-element.elementor-element-ae98a65 .jeg-elementor-kit.jkit-tabs .tab-nav-list.slide .tab-nav:before, .elementor-3913 .elementor-element.elementor-element-ae98a65 .jeg-elementor-kit.jkit-tabs .tab-nav-list .tab-nav.tab-nav-cloned{background-color:var( --e-global-color-0996b00 );}.elementor-3913 .elementor-element.elementor-element-ae98a65 .jeg-elementor-kit.jkit-tabs .tab-nav-list .tab-title{font-size:20px;font-weight:700;}.elementor-3913 .elementor-element.elementor-element-ae98a65 .jeg-elementor-kit.jkit-tabs .tab-nav-list .tab-nav .tab-title{color:#000000;}.elementor-3913 .elementor-element.elementor-element-ae98a65 .jeg-elementor-kit.jkit-tabs .tab-nav-list .tab-nav:hover .tab-title{color:#FFFFFF;}.elementor-3913 .elementor-element.elementor-element-ae98a65 .jeg-elementor-kit.jkit-tabs .tab-nav-list .tab-nav.active .tab-title{color:#FFFFFF;}@media (max-width: 767px) {.elementor-element.elementor-element-ae98a65 .jeg-elementor-kit.jkit-tabs .tab-nav-list { -ms-flex-wrap: wrap; flex-wrap: wrap; -webkit-box-orient: horizontal; -webkit-box-direction: normal; -ms-flex-flow: row wrap; flex-flow: row wrap; } }@media (max-width: 767px) {.elementor-element.elementor-element-ae98a65 .jeg-elementor-kit.jkit-tabs .tab-nav-list .tab-nav { -webkit-box-flex: 1; -ms-flex: 1 1 auto; flex: 1 1 auto; } }@media (max-width: 767px) {.elementor-element.elementor-element-ae98a65 .jeg-elementor-kit.jkit-tabs .tab-nav-list.caret-on .tab-nav.active::after { display: none; } }@media (max-width: 767px) {.elementor-element.elementor-element-ae98a65 .jeg-elementor-kit.jkit-tabs.layout-vertical { -ms-flex-wrap: wrap; flex-wrap: wrap; } }@media (max-width: 767px) {.elementor-element.elementor-element-ae98a65 .jeg-elementor-kit.jkit-tabs.layout-vertical .tab-navigation { -webkit-box-flex: 1; -ms-flex: 1 100%; flex: 1 100%; } }@media (max-width: 767px) {.elementor-element.elementor-element-ae98a65 .jeg-elementor-kit.jkit-tabs.layout-vertical .tab-nav-list { -webkit-box-flex: 1; -ms-flex: 1 100%; flex: 1 100%; } }@media (max-width: 767px) {.elementor-element.elementor-element-ae98a65 .jeg-elementor-kit.jkit-tabs.layout-vertical .tab-nav-list .tab-nav { width: 100%; height: auto !important; -webkit-box-pack: center; -ms-flex-pack: center; justify-content: center; } }@media (max-width: 767px) {.elementor-element.elementor-element-ae98a65 .jeg-elementor-kit.jkit-tabs.layout-vertical .tab-nav-list.caret-on .tab-nav.active::after { display: none; } }<\/style>\t\t<div data-elementor-type=\"product-post\" data-elementor-id=\"3913\" class=\"elementor elementor-3913 elementor-3912\" data-elementor-post-type=\"product\">\n\t\t\t\t\t\t<section class=\"elementor-section elementor-top-section elementor-element elementor-element-19eaf5e elementor-section-boxed elementor-section-height-default elementor-section-height-default\" data-id=\"19eaf5e\" data-element_type=\"section\" data-e-type=\"section\" data-settings=\"{&quot;jet_parallax_layout_list&quot;:[]}\">\n\t\t\t\t\t\t<div class=\"elementor-container elementor-column-gap-default\">\n\t\t\t\t\t<div class=\"elementor-column elementor-col-100 elementor-top-column elementor-element elementor-element-12f62a2\" data-id=\"12f62a2\" data-element_type=\"column\" data-e-type=\"column\">\n\t\t\t<div class=\"elementor-widget-wrap elementor-element-populated\">\n\t\t\t\t\t\t<div class=\"elementor-element elementor-element-ae98a65 elementor-widget elementor-widget-jkit_tabs\" data-id=\"ae98a65\" data-element_type=\"widget\" data-e-type=\"widget\" data-widget_type=\"jkit_tabs.default\">\n\t\t\t\t<div class=\"elementor-widget-container\">\n\t\t\t\t\t<div  class=\"jeg-elementor-kit jkit-tabs layout-horizontal jeg_module___69db2df65893e\" ><div class=\"tab-navigation\"><ul class=\"tab-nav-list   \" data-toggle=\"0\"><li class=\"tab-nav active \" data-tab=\"tab-56d7e1d\"><span class=\"tab-title\">Key Ingredients<\/span><div class=\"tab-content\"><div class=\"tab-description\"><\/div><\/div><\/li><li class=\"tab-nav  \" data-tab=\"tab-d896c04\"><span class=\"tab-title\">Usage <\/span><div class=\"tab-content\"><div class=\"tab-description\"><\/div><\/div><\/li><li class=\"tab-nav  \" data-tab=\"tab-b152dc7\"><span class=\"tab-title\">Product Standard<\/span><div class=\"tab-content\"><div class=\"tab-description\"><\/div><\/div><\/li><\/ul><\/div><div class=\"tab-content-list\"><div class=\"tab-content tab-56d7e1d active\"><h5 style=\"text-align: left\"><img data-recalc-dims=\"1\" fetchpriority=\"high\" decoding=\"async\" class=\"alignleft wp-image-3934\" src=\"https:\/\/i0.wp.com\/xiranbabycare.com\/wp-content\/uploads\/2024\/03\/Moisturising-Skin-Baby-Massage-Oil.webp?resize=450%2C450\" alt=\"Moisturising Skin Baby Massage Oil\" width=\"450\" height=\"450\" srcset=\"https:\/\/i0.wp.com\/xiranbabycare.com\/wp-content\/uploads\/2024\/03\/Moisturising-Skin-Baby-Massage-Oil.webp?w=800&amp;ssl=1 800w, https:\/\/i0.wp.com\/xiranbabycare.com\/wp-content\/uploads\/2024\/03\/Moisturising-Skin-Baby-Massage-Oil.webp?resize=300%2C300&amp;ssl=1 300w, https:\/\/i0.wp.com\/xiranbabycare.com\/wp-content\/uploads\/2024\/03\/Moisturising-Skin-Baby-Massage-Oil.webp?resize=150%2C150&amp;ssl=1 150w, https:\/\/i0.wp.com\/xiranbabycare.com\/wp-content\/uploads\/2024\/03\/Moisturising-Skin-Baby-Massage-Oil.webp?resize=768%2C768&amp;ssl=1 768w, https:\/\/i0.wp.com\/xiranbabycare.com\/wp-content\/uploads\/2024\/03\/Moisturising-Skin-Baby-Massage-Oil.webp?resize=600%2C600&amp;ssl=1 600w, https:\/\/i0.wp.com\/xiranbabycare.com\/wp-content\/uploads\/2024\/03\/Moisturising-Skin-Baby-Massage-Oil.webp?resize=100%2C100&amp;ssl=1 100w\" sizes=\"(max-width: 450px) 100vw, 450px\" \/><strong>Camellia Seed Oil<\/strong>:<\/h5><p>Camellia seed oil is rich in vitamins A, B, E and minerals like phosphorus, zinc, calcium, and iron, providing excellent nourishment. As a carrier oil, it restores skin's pH balance, forms a protective barrier against environmental irritants, leaving skin smooth and moisturized. Ideal for sensitive skin and can be used as a base for essential oils.<\/p><h5><strong>Olive fruit oil\uff1a<\/strong><\/h5><p>Olive oil is an excellent emollient that helps lock in moisture and prevent baby's delicate skin from drying out. Rich in vitamins A, D, E, and K, as well as antioxidants, The fatty acids in olive oil have anti-inflammatory properties that can help soothe irritated, red, or eczema-prone skin.<\/p><\/div><div class=\"tab-content tab-d896c04 \"><p><img data-recalc-dims=\"1\" decoding=\"async\" class=\"alignleft wp-image-3937\" src=\"https:\/\/i0.wp.com\/xiranbabycare.com\/wp-content\/uploads\/2024\/03\/Custom-Baby-Care-oil.webp?resize=450%2C450\" alt=\"Custom Baby Care oil\" width=\"450\" height=\"450\" srcset=\"https:\/\/i0.wp.com\/xiranbabycare.com\/wp-content\/uploads\/2024\/03\/Custom-Baby-Care-oil.webp?w=800&amp;ssl=1 800w, https:\/\/i0.wp.com\/xiranbabycare.com\/wp-content\/uploads\/2024\/03\/Custom-Baby-Care-oil.webp?resize=300%2C300&amp;ssl=1 300w, https:\/\/i0.wp.com\/xiranbabycare.com\/wp-content\/uploads\/2024\/03\/Custom-Baby-Care-oil.webp?resize=150%2C150&amp;ssl=1 150w, https:\/\/i0.wp.com\/xiranbabycare.com\/wp-content\/uploads\/2024\/03\/Custom-Baby-Care-oil.webp?resize=768%2C768&amp;ssl=1 768w, https:\/\/i0.wp.com\/xiranbabycare.com\/wp-content\/uploads\/2024\/03\/Custom-Baby-Care-oil.webp?resize=600%2C600&amp;ssl=1 600w, https:\/\/i0.wp.com\/xiranbabycare.com\/wp-content\/uploads\/2024\/03\/Custom-Baby-Care-oil.webp?resize=100%2C100&amp;ssl=1 100w\" sizes=\"(max-width: 450px) 100vw, 450px\" \/><\/p><h5><strong>How To Use Camellia Baby Massage Oil<\/strong><strong>:<\/strong><\/h5><p>After bathing and cleaning\uff0c apply appropriate amount of this product to the palm and rub until warm\uff0c then apply it to the face\uff0clegs\uff0cabdomen\uff0cback\uff0chands and other skin parts\uff0cand gently massage until absorbed<\/p><h5><strong>Cautions<\/strong><strong>:<\/strong><\/h5><div class=\"productHowTo-tips\"><div class=\"richtext\"><p>Keep out of reach of children. Avoid contact with eyes.<\/p><\/div><\/div><div class=\"productHowTo-image\"><div class=\"component youtube container--is-fullwidth-on-small\"><div class=\"youtube-player__component\"><div class=\"youtube-player\"><div class=\"youtube-player__poster\">\u00a0<\/div><\/div><\/div><\/div><\/div><\/div><div class=\"tab-content tab-b152dc7 \"><style>.elementor-2202 .elementor-element.elementor-element-ac7e56c img{width:30%;}.elementor-2202 .elementor-element.elementor-element-94f1ea7{text-align:center;}.elementor-2202 .elementor-element.elementor-element-94f1ea7 .elementor-heading-title{font-size:25px;}.elementor-2202 .elementor-element.elementor-element-18cba35 img{width:30%;}.elementor-2202 .elementor-element.elementor-element-ba1bac5{text-align:center;}.elementor-2202 .elementor-element.elementor-element-ba1bac5 .elementor-heading-title{font-size:25px;}.elementor-2202 .elementor-element.elementor-element-6c4d891 img{width:30%;}.elementor-2202 .elementor-element.elementor-element-91380c8{text-align:center;}.elementor-2202 .elementor-element.elementor-element-91380c8 .elementor-heading-title{font-size:25px;}.elementor-2202 .elementor-element.elementor-element-cf8a2d7 img{width:30%;}.elementor-2202 .elementor-element.elementor-element-e840b3d{text-align:center;}.elementor-2202 .elementor-element.elementor-element-e840b3d .elementor-heading-title{font-size:25px;}<\/style>\t\t<div data-elementor-type=\"page\" data-elementor-id=\"2202\" class=\"elementor elementor-2202\" data-elementor-post-type=\"elementor_library\">\n\t\t\t\t\t\t<section class=\"elementor-section elementor-top-section elementor-element elementor-element-ced0545 elementor-section-boxed elementor-section-height-default elementor-section-height-default\" data-id=\"ced0545\" data-element_type=\"section\" data-e-type=\"section\" data-settings=\"{&quot;jet_parallax_layout_list&quot;:[]}\">\n\t\t\t\t\t\t<div class=\"elementor-container elementor-column-gap-default\">\n\t\t\t\t\t<div class=\"elementor-column elementor-col-100 elementor-top-column elementor-element elementor-element-06b54bc\" data-id=\"06b54bc\" data-element_type=\"column\" data-e-type=\"column\">\n\t\t\t<div class=\"elementor-widget-wrap elementor-element-populated\">\n\t\t\t\t\t\t<section class=\"elementor-section elementor-inner-section elementor-element elementor-element-36a0de4 elementor-section-boxed elementor-section-height-default elementor-section-height-default\" data-id=\"36a0de4\" data-element_type=\"section\" data-e-type=\"section\" data-settings=\"{&quot;jet_parallax_layout_list&quot;:[]}\">\n\t\t\t\t\t\t<div class=\"elementor-container elementor-column-gap-default\">\n\t\t\t\t\t<div class=\"elementor-column elementor-col-25 elementor-inner-column elementor-element elementor-element-789efe3\" data-id=\"789efe3\" data-element_type=\"column\" data-e-type=\"column\">\n\t\t\t<div class=\"elementor-widget-wrap elementor-element-populated\">\n\t\t\t\t\t\t<div class=\"elementor-element elementor-element-ac7e56c elementor-widget elementor-widget-image\" data-id=\"ac7e56c\" data-element_type=\"widget\" data-e-type=\"widget\" data-widget_type=\"image.default\">\n\t\t\t\t<div class=\"elementor-widget-container\">\n\t\t\t\t\t\t\t\t\t\t\t\t\t\t\t<img decoding=\"async\" width=\"512\" height=\"512\" src=\"https:\/\/i0.wp.com\/xiranbabycare.com\/wp-content\/uploads\/2023\/09\/icon-512.512-Cruelty-Free.png?fit=512%2C512&amp;ssl=1\" class=\"attachment-large size-large wp-image-2232\" alt=\"Body Wash and Shampoo with Avocado Oil\" srcset=\"https:\/\/i0.wp.com\/xiranbabycare.com\/wp-content\/uploads\/2023\/09\/icon-512.512-Cruelty-Free.png?w=512&amp;ssl=1 512w, https:\/\/i0.wp.com\/xiranbabycare.com\/wp-content\/uploads\/2023\/09\/icon-512.512-Cruelty-Free.png?resize=300%2C300&amp;ssl=1 300w, https:\/\/i0.wp.com\/xiranbabycare.com\/wp-content\/uploads\/2023\/09\/icon-512.512-Cruelty-Free.png?resize=150%2C150&amp;ssl=1 150w, https:\/\/i0.wp.com\/xiranbabycare.com\/wp-content\/uploads\/2023\/09\/icon-512.512-Cruelty-Free.png?resize=100%2C100&amp;ssl=1 100w\" sizes=\"(max-width: 512px) 100vw, 512px\" \/>\t\t\t\t\t\t\t\t\t\t\t\t\t\t\t<\/div>\n\t\t\t\t<\/div>\n\t\t\t\t<div class=\"elementor-element elementor-element-94f1ea7 elementor-widget elementor-widget-heading\" data-id=\"94f1ea7\" data-element_type=\"widget\" data-e-type=\"widget\" data-widget_type=\"heading.default\">\n\t\t\t\t<div class=\"elementor-widget-container\">\n\t\t\t\t\t<h2 class=\"elementor-heading-title elementor-size-default\">Cruelty Free<\/h2>\t\t\t\t<\/div>\n\t\t\t\t<\/div>\n\t\t\t\t\t<\/div>\n\t\t<\/div>\n\t\t\t\t<div class=\"elementor-column elementor-col-25 elementor-inner-column elementor-element elementor-element-cf8cec3\" data-id=\"cf8cec3\" data-element_type=\"column\" data-e-type=\"column\">\n\t\t\t<div class=\"elementor-widget-wrap elementor-element-populated\">\n\t\t\t\t\t\t<div class=\"elementor-element elementor-element-18cba35 elementor-widget elementor-widget-image\" data-id=\"18cba35\" data-element_type=\"widget\" data-e-type=\"widget\" data-widget_type=\"image.default\">\n\t\t\t\t<div class=\"elementor-widget-container\">\n\t\t\t\t\t\t\t\t\t\t\t\t\t\t\t<img loading=\"lazy\" decoding=\"async\" width=\"512\" height=\"512\" src=\"https:\/\/i0.wp.com\/xiranbabycare.com\/wp-content\/uploads\/2023\/09\/icon-512.512-100-Vegan.png?fit=512%2C512&amp;ssl=1\" class=\"attachment-large size-large wp-image-2229\" alt=\"Body Wash and Shampoo with Avocado Oil\" srcset=\"https:\/\/i0.wp.com\/xiranbabycare.com\/wp-content\/uploads\/2023\/09\/icon-512.512-100-Vegan.png?w=512&amp;ssl=1 512w, https:\/\/i0.wp.com\/xiranbabycare.com\/wp-content\/uploads\/2023\/09\/icon-512.512-100-Vegan.png?resize=300%2C300&amp;ssl=1 300w, https:\/\/i0.wp.com\/xiranbabycare.com\/wp-content\/uploads\/2023\/09\/icon-512.512-100-Vegan.png?resize=150%2C150&amp;ssl=1 150w, https:\/\/i0.wp.com\/xiranbabycare.com\/wp-content\/uploads\/2023\/09\/icon-512.512-100-Vegan.png?resize=100%2C100&amp;ssl=1 100w\" sizes=\"(max-width: 512px) 100vw, 512px\" \/>\t\t\t\t\t\t\t\t\t\t\t\t\t\t\t<\/div>\n\t\t\t\t<\/div>\n\t\t\t\t<div class=\"elementor-element elementor-element-ba1bac5 elementor-widget elementor-widget-heading\" data-id=\"ba1bac5\" data-element_type=\"widget\" data-e-type=\"widget\" data-widget_type=\"heading.default\">\n\t\t\t\t<div class=\"elementor-widget-container\">\n\t\t\t\t\t<h2 class=\"elementor-heading-title elementor-size-default\">100% Vegan<\/h2>\t\t\t\t<\/div>\n\t\t\t\t<\/div>\n\t\t\t\t\t<\/div>\n\t\t<\/div>\n\t\t\t\t<div class=\"elementor-column elementor-col-25 elementor-inner-column elementor-element elementor-element-dc166ff\" data-id=\"dc166ff\" data-element_type=\"column\" data-e-type=\"column\">\n\t\t\t<div class=\"elementor-widget-wrap elementor-element-populated\">\n\t\t\t\t\t\t<div class=\"elementor-element elementor-element-6c4d891 elementor-widget elementor-widget-image\" data-id=\"6c4d891\" data-element_type=\"widget\" data-e-type=\"widget\" data-widget_type=\"image.default\">\n\t\t\t\t<div class=\"elementor-widget-container\">\n\t\t\t\t\t\t\t\t\t\t\t\t\t\t\t<img loading=\"lazy\" decoding=\"async\" width=\"512\" height=\"512\" src=\"https:\/\/i0.wp.com\/xiranbabycare.com\/wp-content\/uploads\/2023\/09\/icon-512.512-Safe.png?fit=512%2C512&amp;ssl=1\" class=\"attachment-large size-large wp-image-2226\" alt=\"Body Wash and Shampoo with Avocado Oil\" srcset=\"https:\/\/i0.wp.com\/xiranbabycare.com\/wp-content\/uploads\/2023\/09\/icon-512.512-Safe.png?w=512&amp;ssl=1 512w, https:\/\/i0.wp.com\/xiranbabycare.com\/wp-content\/uploads\/2023\/09\/icon-512.512-Safe.png?resize=300%2C300&amp;ssl=1 300w, https:\/\/i0.wp.com\/xiranbabycare.com\/wp-content\/uploads\/2023\/09\/icon-512.512-Safe.png?resize=150%2C150&amp;ssl=1 150w, https:\/\/i0.wp.com\/xiranbabycare.com\/wp-content\/uploads\/2023\/09\/icon-512.512-Safe.png?resize=100%2C100&amp;ssl=1 100w\" sizes=\"(max-width: 512px) 100vw, 512px\" \/>\t\t\t\t\t\t\t\t\t\t\t\t\t\t\t<\/div>\n\t\t\t\t<\/div>\n\t\t\t\t<div class=\"elementor-element elementor-element-91380c8 elementor-widget elementor-widget-heading\" data-id=\"91380c8\" data-element_type=\"widget\" data-e-type=\"widget\" data-widget_type=\"heading.default\">\n\t\t\t\t<div class=\"elementor-widget-container\">\n\t\t\t\t\t<h2 class=\"elementor-heading-title elementor-size-default\">Safe<\/h2>\t\t\t\t<\/div>\n\t\t\t\t<\/div>\n\t\t\t\t\t<\/div>\n\t\t<\/div>\n\t\t\t\t<div class=\"elementor-column elementor-col-25 elementor-inner-column elementor-element elementor-element-c9ddaa3\" data-id=\"c9ddaa3\" data-element_type=\"column\" data-e-type=\"column\">\n\t\t\t<div class=\"elementor-widget-wrap elementor-element-populated\">\n\t\t\t\t\t\t<div class=\"elementor-element elementor-element-cf8a2d7 elementor-widget elementor-widget-image\" data-id=\"cf8a2d7\" data-element_type=\"widget\" data-e-type=\"widget\" data-widget_type=\"image.default\">\n\t\t\t\t<div class=\"elementor-widget-container\">\n\t\t\t\t\t\t\t\t\t\t\t\t\t\t\t<img loading=\"lazy\" decoding=\"async\" width=\"512\" height=\"512\" src=\"https:\/\/i0.wp.com\/xiranbabycare.com\/wp-content\/uploads\/2023\/09\/icon-512.512-Hypoallergenic.png?fit=512%2C512&amp;ssl=1\" class=\"attachment-large size-large wp-image-2235\" alt=\"Body Wash and Shampoo with Avocado Oil\" srcset=\"https:\/\/i0.wp.com\/xiranbabycare.com\/wp-content\/uploads\/2023\/09\/icon-512.512-Hypoallergenic.png?w=512&amp;ssl=1 512w, https:\/\/i0.wp.com\/xiranbabycare.com\/wp-content\/uploads\/2023\/09\/icon-512.512-Hypoallergenic.png?resize=300%2C300&amp;ssl=1 300w, https:\/\/i0.wp.com\/xiranbabycare.com\/wp-content\/uploads\/2023\/09\/icon-512.512-Hypoallergenic.png?resize=150%2C150&amp;ssl=1 150w, https:\/\/i0.wp.com\/xiranbabycare.com\/wp-content\/uploads\/2023\/09\/icon-512.512-Hypoallergenic.png?resize=100%2C100&amp;ssl=1 100w\" sizes=\"(max-width: 512px) 100vw, 512px\" \/>\t\t\t\t\t\t\t\t\t\t\t\t\t\t\t<\/div>\n\t\t\t\t<\/div>\n\t\t\t\t<div class=\"elementor-element elementor-element-e840b3d elementor-widget elementor-widget-heading\" data-id=\"e840b3d\" data-element_type=\"widget\" data-e-type=\"widget\" data-widget_type=\"heading.default\">\n\t\t\t\t<div class=\"elementor-widget-container\">\n\t\t\t\t\t<h2 class=\"elementor-heading-title elementor-size-default\">Hypoallergenic<\/h2>\t\t\t\t<\/div>\n\t\t\t\t<\/div>\n\t\t\t\t\t<\/div>\n\t\t<\/div>\n\t\t\t\t\t<\/div>\n\t\t<\/section>\n\t\t\t\t\t<\/div>\n\t\t<\/div>\n\t\t\t\t\t<\/div>\n\t\t<\/section>\n\t\t\t\t<\/div>\n\t\t<\/div><\/div><\/div>\t\t\t\t<\/div>\n\t\t\t\t<\/div>\n\t\t\t\t\t<\/div>\n\t\t<\/div>\n\t\t\t\t\t<\/div>\n\t\t<\/section>\n\t\t\t\t<\/div>\n\t\t","protected":false},"excerpt":{"rendered":"<p><strong><b>Description:<\/b><\/strong><\/p>\n<p>Fabriqu\u00e9e avec le plus grand soin \u00e0 partir d\u2019extraits naturels de plantes, notre huile de massage pour b\u00e9b\u00e9 cam\u00e9lia est un compagnon nourrissant pour la peau d\u00e9licate de votre b\u00e9b\u00e9.<\/p>\n<p>Les ingr\u00e9dients naturels calment efficacement l\u2019humeur de votre b\u00e9b\u00e9, favorisant un sentiment de tranquillit\u00e9 et aidant \u00e0 un sommeil r\u00e9parateur.<\/p>\n<p>Masser avec notre huile \u00e9limine en douceur la salet\u00e9 et les impuret\u00e9s du cuir chevelu de votre b\u00e9b\u00e9, favorisant un cuir chevelu sain et nourri.<\/p>\n<p>Infus\u00e9e de propri\u00e9t\u00e9s nourrissantes, notre huile hydrate et nourrit en profondeur la peau d\u00e9licate de votre b\u00e9b\u00e9, pr\u00e9venant les fesses rouges et la gardant douce et souple.<\/p>\n","protected":false},"featured_media":3917,"template":"","meta":{"_seopress_robots_primary_cat":"","_seopress_titles_title":"Huile de massage pour b\u00e9b\u00e9 cam\u00e9lia aux plantes naturelles de marque priv\u00e9e","_seopress_titles_desc":"L\u2019huile de massage pour b\u00e9b\u00e9 Cam\u00e9lia nourrit et calme les b\u00e9b\u00e9s avec des extraits naturels de plantes, nettoyant en douceur, hydratant et favorisant un sommeil r\u00e9parateur.","_seopress_robots_index":""},"product_brand":[],"product_cat":[132,127],"product_tag":[183],"class_list":{"0":"post-3913","1":"product","2":"type-product","3":"status-publish","4":"has-post-thumbnail","6":"product_cat-huile-de-massage-pour-bebe","7":"product_cat-soins-aux-bebes","8":"product_tag-essence-corps-bebe","10":"first","11":"instock","12":"shipping-taxable","13":"product-type-simple"},"jetpack_sharing_enabled":true,"_links":{"self":[{"href":"https:\/\/xiranbabycare.com\/fr\/wp-json\/wp\/v2\/product\/3913","targetHints":{"allow":["GET"]}}],"collection":[{"href":"https:\/\/xiranbabycare.com\/fr\/wp-json\/wp\/v2\/product"}],"about":[{"href":"https:\/\/xiranbabycare.com\/fr\/wp-json\/wp\/v2\/types\/product"}],"version-history":[{"count":0,"href":"https:\/\/xiranbabycare.com\/fr\/wp-json\/wp\/v2\/product\/3913\/revisions"}],"wp:featuredmedia":[{"embeddable":true,"href":"https:\/\/xiranbabycare.com\/fr\/wp-json\/wp\/v2\/media\/3917"}],"wp:attachment":[{"href":"https:\/\/xiranbabycare.com\/fr\/wp-json\/wp\/v2\/media?parent=3913"}],"wp:term":[{"taxonomy":"product_brand","embeddable":true,"href":"https:\/\/xiranbabycare.com\/fr\/wp-json\/wp\/v2\/product_brand?post=3913"},{"taxonomy":"product_cat","embeddable":true,"href":"https:\/\/xiranbabycare.com\/fr\/wp-json\/wp\/v2\/product_cat?post=3913"},{"taxonomy":"product_tag","embeddable":true,"href":"https:\/\/xiranbabycare.com\/fr\/wp-json\/wp\/v2\/product_tag?post=3913"}],"curies":[{"name":"wp","href":"https:\/\/api.w.org\/{rel}","templated":true}]}}