{"id":3600,"date":"2024-02-26T08:43:22","date_gmt":"2024-02-26T08:43:22","guid":{"rendered":"https:\/\/xiranbabycare.com\/?post_type=product&#038;p=3600"},"modified":"2024-05-28T03:50:15","modified_gmt":"2024-05-28T03:50:15","slug":"private-label-baby-wash-bod-and-shampoo-cleanser-3-in-1-with-camellia-oil-net-wt-300ml-packaging%ef%bc%9aplastic-bottle-copy-copy-copy-copy-copy-copy-copy-copy-copy-copy-copy-14","status":"publish","type":"product","link":"https:\/\/xiranbabycare.com\/fr\/products\/private-label-baby-wash-bod-and-shampoo-cleanser-3-in-1-with-camellia-oil-net-wt-300ml-packaging%ef%bc%9aplastic-bottle-copy-copy-copy-copy-copy-copy-copy-copy-copy-copy-copy-14\/","title":{"rendered":"Essence corporelle rafra\u00eechissante pour b\u00e9b\u00e9 \u00e0 la feuille de p\u00eacher de marque priv\u00e9e"},"content":{"rendered":"<style>.elementor-3600 .elementor-element.elementor-element-ae98a65 .jeg-elementor-kit.jkit-tabs .tab-nav-list{flex-wrap:nowrap;}.elementor-3600 .elementor-element.elementor-element-ae98a65 .jeg-elementor-kit.jkit-tabs .tab-nav-list .tab-nav{width:100%;background-color:var( --e-global-color-f5ea99c );}.elementor-3600 .elementor-element.elementor-element-ae98a65 .jeg-elementor-kit.jkit-tabs .tab-nav-list .tab-nav:not(.active):not(.hover-gradient):hover, .elementor-3600 .elementor-element.elementor-element-ae98a65 .jeg-elementor-kit.jkit-tabs .tab-nav-list .tab-nav.hover-gradient:not(.active):before{background-color:#CE997F;}.elementor-3600 .elementor-element.elementor-element-ae98a65 .jeg-elementor-kit.jkit-tabs .tab-nav-list:not(.slide):not(.over) .tab-nav.active, .elementor-3600 .elementor-element.elementor-element-ae98a65 .jeg-elementor-kit.jkit-tabs .tab-nav-list.slide .tab-nav:before, .elementor-3600 .elementor-element.elementor-element-ae98a65 .jeg-elementor-kit.jkit-tabs .tab-nav-list .tab-nav.tab-nav-cloned{background-color:var( --e-global-color-0996b00 );}.elementor-3600 .elementor-element.elementor-element-ae98a65 .jeg-elementor-kit.jkit-tabs .tab-nav-list .tab-title{font-size:20px;font-weight:700;}.elementor-3600 .elementor-element.elementor-element-ae98a65 .jeg-elementor-kit.jkit-tabs .tab-nav-list .tab-nav .tab-title{color:#000000;}.elementor-3600 .elementor-element.elementor-element-ae98a65 .jeg-elementor-kit.jkit-tabs .tab-nav-list .tab-nav:hover .tab-title{color:#FFFFFF;}.elementor-3600 .elementor-element.elementor-element-ae98a65 .jeg-elementor-kit.jkit-tabs .tab-nav-list .tab-nav.active .tab-title{color:#FFFFFF;}@media (max-width: 767px) {.elementor-element.elementor-element-ae98a65 .jeg-elementor-kit.jkit-tabs .tab-nav-list { -ms-flex-wrap: wrap; flex-wrap: wrap; -webkit-box-orient: horizontal; -webkit-box-direction: normal; -ms-flex-flow: row wrap; flex-flow: row wrap; } }@media (max-width: 767px) {.elementor-element.elementor-element-ae98a65 .jeg-elementor-kit.jkit-tabs .tab-nav-list .tab-nav { -webkit-box-flex: 1; -ms-flex: 1 1 auto; flex: 1 1 auto; } }@media (max-width: 767px) {.elementor-element.elementor-element-ae98a65 .jeg-elementor-kit.jkit-tabs .tab-nav-list.caret-on .tab-nav.active::after { display: none; } }@media (max-width: 767px) {.elementor-element.elementor-element-ae98a65 .jeg-elementor-kit.jkit-tabs.layout-vertical { -ms-flex-wrap: wrap; flex-wrap: wrap; } }@media (max-width: 767px) {.elementor-element.elementor-element-ae98a65 .jeg-elementor-kit.jkit-tabs.layout-vertical .tab-navigation { -webkit-box-flex: 1; -ms-flex: 1 100%; flex: 1 100%; } }@media (max-width: 767px) {.elementor-element.elementor-element-ae98a65 .jeg-elementor-kit.jkit-tabs.layout-vertical .tab-nav-list { -webkit-box-flex: 1; -ms-flex: 1 100%; flex: 1 100%; } }@media (max-width: 767px) {.elementor-element.elementor-element-ae98a65 .jeg-elementor-kit.jkit-tabs.layout-vertical .tab-nav-list .tab-nav { width: 100%; height: auto !important; -webkit-box-pack: center; -ms-flex-pack: center; justify-content: center; } }@media (max-width: 767px) {.elementor-element.elementor-element-ae98a65 .jeg-elementor-kit.jkit-tabs.layout-vertical .tab-nav-list.caret-on .tab-nav.active::after { display: none; } }<\/style>\t\t<div data-elementor-type=\"product-post\" data-elementor-id=\"3600\" class=\"elementor elementor-3600 elementor-3599\" data-elementor-post-type=\"product\">\n\t\t\t\t\t\t<section class=\"elementor-section elementor-top-section elementor-element elementor-element-19eaf5e elementor-section-boxed elementor-section-height-default elementor-section-height-default\" data-id=\"19eaf5e\" data-element_type=\"section\" data-e-type=\"section\" data-settings=\"{&quot;jet_parallax_layout_list&quot;:[]}\">\n\t\t\t\t\t\t<div class=\"elementor-container elementor-column-gap-default\">\n\t\t\t\t\t<div class=\"elementor-column elementor-col-100 elementor-top-column elementor-element elementor-element-12f62a2\" data-id=\"12f62a2\" data-element_type=\"column\" data-e-type=\"column\">\n\t\t\t<div class=\"elementor-widget-wrap elementor-element-populated\">\n\t\t\t\t\t\t<div class=\"elementor-element elementor-element-ae98a65 elementor-widget elementor-widget-jkit_tabs\" data-id=\"ae98a65\" data-element_type=\"widget\" data-e-type=\"widget\" data-widget_type=\"jkit_tabs.default\">\n\t\t\t\t<div class=\"elementor-widget-container\">\n\t\t\t\t\t<div  class=\"jeg-elementor-kit jkit-tabs layout-horizontal jeg_module___69de5129a381c\" ><div class=\"tab-navigation\"><ul class=\"tab-nav-list   \" data-toggle=\"0\"><li class=\"tab-nav active \" data-tab=\"tab-56d7e1d\"><span class=\"tab-title\">Key Ingredients<\/span><div class=\"tab-content\"><div class=\"tab-description\"><\/div><\/div><\/li><li class=\"tab-nav  \" data-tab=\"tab-d896c04\"><span class=\"tab-title\">Usage <\/span><div class=\"tab-content\"><div class=\"tab-description\"><\/div><\/div><\/li><li class=\"tab-nav  \" data-tab=\"tab-b152dc7\"><span class=\"tab-title\">Product Standard<\/span><div class=\"tab-content\"><div class=\"tab-description\"><\/div><\/div><\/li><\/ul><\/div><div class=\"tab-content-list\"><div class=\"tab-content tab-56d7e1d active\"><p style=\"text-align: left\"><img data-recalc-dims=\"1\" fetchpriority=\"high\" decoding=\"async\" class=\"alignleft wp-image-3608\" src=\"https:\/\/i0.wp.com\/xiranbabycare.com\/wp-content\/uploads\/2024\/02\/Baby-Body-Essences-Key-Ingredients.jpg?resize=450%2C450\" alt=\"Baby Body Essence's Key Ingredients\" width=\"450\" height=\"450\" srcset=\"https:\/\/i0.wp.com\/xiranbabycare.com\/wp-content\/uploads\/2024\/02\/Baby-Body-Essences-Key-Ingredients.jpg?w=800&amp;ssl=1 800w, https:\/\/i0.wp.com\/xiranbabycare.com\/wp-content\/uploads\/2024\/02\/Baby-Body-Essences-Key-Ingredients.jpg?resize=300%2C300&amp;ssl=1 300w, https:\/\/i0.wp.com\/xiranbabycare.com\/wp-content\/uploads\/2024\/02\/Baby-Body-Essences-Key-Ingredients.jpg?resize=150%2C150&amp;ssl=1 150w, https:\/\/i0.wp.com\/xiranbabycare.com\/wp-content\/uploads\/2024\/02\/Baby-Body-Essences-Key-Ingredients.jpg?resize=768%2C768&amp;ssl=1 768w, https:\/\/i0.wp.com\/xiranbabycare.com\/wp-content\/uploads\/2024\/02\/Baby-Body-Essences-Key-Ingredients.jpg?resize=600%2C600&amp;ssl=1 600w, https:\/\/i0.wp.com\/xiranbabycare.com\/wp-content\/uploads\/2024\/02\/Baby-Body-Essences-Key-Ingredients.jpg?resize=100%2C100&amp;ssl=1 100w\" sizes=\"(max-width: 450px) 100vw, 450px\" \/><\/p><h5><strong>Calendula Extract:<\/strong><\/h5><p>It is renowned for its soothing and anti-inflammatory properties, making it ideal for sensitive baby skin.<br \/>It helps to calm irritation, redness, and inflammation, providing relief for diaper rash, eczema, or other skin irritations.<\/p><h5><strong>Peach Leaf Essence:<\/strong><\/h5><p>It helps to alleviate discomfort from heat rash, prickly heat, or other skin irritations commonly experienced by babies.<br \/>Peach leaf essence has a refreshing effect on the skin, providing a cooling sensation that can be particularly soothing during hot weather or after sun exposure.<\/p><\/div><div class=\"tab-content tab-d896c04 \"><p><img data-recalc-dims=\"1\" decoding=\"async\" class=\"alignleft wp-image-3605\" src=\"https:\/\/i0.wp.com\/xiranbabycare.com\/wp-content\/uploads\/2024\/02\/Baby-Body-Essences-Effects.jpg?resize=450%2C450\" alt=\"Baby Body Essence's Effects\" width=\"450\" height=\"450\" srcset=\"https:\/\/i0.wp.com\/xiranbabycare.com\/wp-content\/uploads\/2024\/02\/Baby-Body-Essences-Effects.jpg?w=800&amp;ssl=1 800w, https:\/\/i0.wp.com\/xiranbabycare.com\/wp-content\/uploads\/2024\/02\/Baby-Body-Essences-Effects.jpg?resize=300%2C300&amp;ssl=1 300w, https:\/\/i0.wp.com\/xiranbabycare.com\/wp-content\/uploads\/2024\/02\/Baby-Body-Essences-Effects.jpg?resize=150%2C150&amp;ssl=1 150w, https:\/\/i0.wp.com\/xiranbabycare.com\/wp-content\/uploads\/2024\/02\/Baby-Body-Essences-Effects.jpg?resize=768%2C768&amp;ssl=1 768w, https:\/\/i0.wp.com\/xiranbabycare.com\/wp-content\/uploads\/2024\/02\/Baby-Body-Essences-Effects.jpg?resize=600%2C600&amp;ssl=1 600w, https:\/\/i0.wp.com\/xiranbabycare.com\/wp-content\/uploads\/2024\/02\/Baby-Body-Essences-Effects.jpg?resize=100%2C100&amp;ssl=1 100w\" sizes=\"(max-width: 450px) 100vw, 450px\" \/><\/p><h5><strong>How To Use Peach Leaf Refreshing Baby Body Essence<\/strong><strong>:<\/strong><\/h5><p><strong>A few drops in the shower<\/strong>: Drip the cool body in skin is more refreshed after a bath.<br \/><strong>After-bath care<\/strong>: Dry skin and apply all over body with emphasis on neck, underarms, leg sockets, elbows, etc.<br \/><strong>Post-sun repair<\/strong>: If there is dry skin after sunning, after cleansing the skin, gently apply until the skin is absorbed.<\/p><h5><strong>Cautions:<\/strong><\/h5><p>1\u3001This product is for external use only. Do not contact with eyes.<br \/>2\u3001Please keep out of the reach of children. Not for use by children under three years of age.<\/p><\/div><div class=\"tab-content tab-b152dc7 \"><style>.elementor-2202 .elementor-element.elementor-element-ac7e56c img{width:30%;}.elementor-2202 .elementor-element.elementor-element-94f1ea7{text-align:center;}.elementor-2202 .elementor-element.elementor-element-94f1ea7 .elementor-heading-title{font-size:25px;}.elementor-2202 .elementor-element.elementor-element-18cba35 img{width:30%;}.elementor-2202 .elementor-element.elementor-element-ba1bac5{text-align:center;}.elementor-2202 .elementor-element.elementor-element-ba1bac5 .elementor-heading-title{font-size:25px;}.elementor-2202 .elementor-element.elementor-element-6c4d891 img{width:30%;}.elementor-2202 .elementor-element.elementor-element-91380c8{text-align:center;}.elementor-2202 .elementor-element.elementor-element-91380c8 .elementor-heading-title{font-size:25px;}.elementor-2202 .elementor-element.elementor-element-cf8a2d7 img{width:30%;}.elementor-2202 .elementor-element.elementor-element-e840b3d{text-align:center;}.elementor-2202 .elementor-element.elementor-element-e840b3d .elementor-heading-title{font-size:25px;}<\/style>\t\t<div data-elementor-type=\"page\" data-elementor-id=\"2202\" class=\"elementor elementor-2202\" data-elementor-post-type=\"elementor_library\">\n\t\t\t\t\t\t<section class=\"elementor-section elementor-top-section elementor-element elementor-element-ced0545 elementor-section-boxed elementor-section-height-default elementor-section-height-default\" data-id=\"ced0545\" data-element_type=\"section\" data-e-type=\"section\" data-settings=\"{&quot;jet_parallax_layout_list&quot;:[]}\">\n\t\t\t\t\t\t<div class=\"elementor-container elementor-column-gap-default\">\n\t\t\t\t\t<div class=\"elementor-column elementor-col-100 elementor-top-column elementor-element elementor-element-06b54bc\" data-id=\"06b54bc\" data-element_type=\"column\" data-e-type=\"column\">\n\t\t\t<div class=\"elementor-widget-wrap elementor-element-populated\">\n\t\t\t\t\t\t<section class=\"elementor-section elementor-inner-section elementor-element elementor-element-36a0de4 elementor-section-boxed elementor-section-height-default elementor-section-height-default\" data-id=\"36a0de4\" data-element_type=\"section\" data-e-type=\"section\" data-settings=\"{&quot;jet_parallax_layout_list&quot;:[]}\">\n\t\t\t\t\t\t<div class=\"elementor-container elementor-column-gap-default\">\n\t\t\t\t\t<div class=\"elementor-column elementor-col-25 elementor-inner-column elementor-element elementor-element-789efe3\" data-id=\"789efe3\" data-element_type=\"column\" data-e-type=\"column\">\n\t\t\t<div class=\"elementor-widget-wrap elementor-element-populated\">\n\t\t\t\t\t\t<div class=\"elementor-element elementor-element-ac7e56c elementor-widget elementor-widget-image\" data-id=\"ac7e56c\" data-element_type=\"widget\" data-e-type=\"widget\" data-widget_type=\"image.default\">\n\t\t\t\t<div class=\"elementor-widget-container\">\n\t\t\t\t\t\t\t\t\t\t\t\t\t\t\t<img decoding=\"async\" width=\"512\" height=\"512\" src=\"https:\/\/i0.wp.com\/xiranbabycare.com\/wp-content\/uploads\/2023\/09\/icon-512.512-Cruelty-Free.png?fit=512%2C512&amp;ssl=1\" class=\"attachment-large size-large wp-image-2234\" alt=\"\u0423\u0432\u043b\u0430\u0436\u043d\u044f\u044e\u0449\u0438\u0439 \u0434\u0435\u0442\u0441\u043a\u0438\u0439 \u043a\u0440\u0435\u043c \u0434\u043b\u044f \u043b\u0438\u0446\u0430\" srcset=\"https:\/\/i0.wp.com\/xiranbabycare.com\/wp-content\/uploads\/2023\/09\/icon-512.512-Cruelty-Free.png?w=512&amp;ssl=1 512w, https:\/\/i0.wp.com\/xiranbabycare.com\/wp-content\/uploads\/2023\/09\/icon-512.512-Cruelty-Free.png?resize=300%2C300&amp;ssl=1 300w, https:\/\/i0.wp.com\/xiranbabycare.com\/wp-content\/uploads\/2023\/09\/icon-512.512-Cruelty-Free.png?resize=150%2C150&amp;ssl=1 150w, https:\/\/i0.wp.com\/xiranbabycare.com\/wp-content\/uploads\/2023\/09\/icon-512.512-Cruelty-Free.png?resize=100%2C100&amp;ssl=1 100w\" sizes=\"(max-width: 512px) 100vw, 512px\" \/>\t\t\t\t\t\t\t\t\t\t\t\t\t\t\t<\/div>\n\t\t\t\t<\/div>\n\t\t\t\t<div class=\"elementor-element elementor-element-94f1ea7 elementor-widget elementor-widget-heading\" data-id=\"94f1ea7\" data-element_type=\"widget\" data-e-type=\"widget\" data-widget_type=\"heading.default\">\n\t\t\t\t<div class=\"elementor-widget-container\">\n\t\t\t\t\t<h2 class=\"elementor-heading-title elementor-size-default\">Cruelty Free<\/h2>\t\t\t\t<\/div>\n\t\t\t\t<\/div>\n\t\t\t\t\t<\/div>\n\t\t<\/div>\n\t\t\t\t<div class=\"elementor-column elementor-col-25 elementor-inner-column elementor-element elementor-element-cf8cec3\" data-id=\"cf8cec3\" data-element_type=\"column\" data-e-type=\"column\">\n\t\t\t<div class=\"elementor-widget-wrap elementor-element-populated\">\n\t\t\t\t\t\t<div class=\"elementor-element elementor-element-18cba35 elementor-widget elementor-widget-image\" data-id=\"18cba35\" data-element_type=\"widget\" data-e-type=\"widget\" data-widget_type=\"image.default\">\n\t\t\t\t<div class=\"elementor-widget-container\">\n\t\t\t\t\t\t\t\t\t\t\t\t\t\t\t<img loading=\"lazy\" decoding=\"async\" width=\"512\" height=\"512\" src=\"https:\/\/i0.wp.com\/xiranbabycare.com\/wp-content\/uploads\/2023\/09\/icon-512.512-100-Vegan.png?fit=512%2C512&amp;ssl=1\" class=\"attachment-large size-large wp-image-2231\" alt=\"\u0423\u0432\u043b\u0430\u0436\u043d\u044f\u044e\u0449\u0438\u0439 \u0434\u0435\u0442\u0441\u043a\u0438\u0439 \u043a\u0440\u0435\u043c \u0434\u043b\u044f \u043b\u0438\u0446\u0430\" srcset=\"https:\/\/i0.wp.com\/xiranbabycare.com\/wp-content\/uploads\/2023\/09\/icon-512.512-100-Vegan.png?w=512&amp;ssl=1 512w, https:\/\/i0.wp.com\/xiranbabycare.com\/wp-content\/uploads\/2023\/09\/icon-512.512-100-Vegan.png?resize=300%2C300&amp;ssl=1 300w, https:\/\/i0.wp.com\/xiranbabycare.com\/wp-content\/uploads\/2023\/09\/icon-512.512-100-Vegan.png?resize=150%2C150&amp;ssl=1 150w, https:\/\/i0.wp.com\/xiranbabycare.com\/wp-content\/uploads\/2023\/09\/icon-512.512-100-Vegan.png?resize=100%2C100&amp;ssl=1 100w\" sizes=\"(max-width: 512px) 100vw, 512px\" \/>\t\t\t\t\t\t\t\t\t\t\t\t\t\t\t<\/div>\n\t\t\t\t<\/div>\n\t\t\t\t<div class=\"elementor-element elementor-element-ba1bac5 elementor-widget elementor-widget-heading\" data-id=\"ba1bac5\" data-element_type=\"widget\" data-e-type=\"widget\" data-widget_type=\"heading.default\">\n\t\t\t\t<div class=\"elementor-widget-container\">\n\t\t\t\t\t<h2 class=\"elementor-heading-title elementor-size-default\">100% Vegan<\/h2>\t\t\t\t<\/div>\n\t\t\t\t<\/div>\n\t\t\t\t\t<\/div>\n\t\t<\/div>\n\t\t\t\t<div class=\"elementor-column elementor-col-25 elementor-inner-column elementor-element elementor-element-dc166ff\" data-id=\"dc166ff\" data-element_type=\"column\" data-e-type=\"column\">\n\t\t\t<div class=\"elementor-widget-wrap elementor-element-populated\">\n\t\t\t\t\t\t<div class=\"elementor-element elementor-element-6c4d891 elementor-widget elementor-widget-image\" data-id=\"6c4d891\" data-element_type=\"widget\" data-e-type=\"widget\" data-widget_type=\"image.default\">\n\t\t\t\t<div class=\"elementor-widget-container\">\n\t\t\t\t\t\t\t\t\t\t\t\t\t\t\t<img loading=\"lazy\" decoding=\"async\" width=\"512\" height=\"512\" src=\"https:\/\/i0.wp.com\/xiranbabycare.com\/wp-content\/uploads\/2023\/09\/icon-512.512-Safe.png?fit=512%2C512&amp;ssl=1\" class=\"attachment-large size-large wp-image-2228\" alt=\"\u0423\u0432\u043b\u0430\u0436\u043d\u044f\u044e\u0449\u0438\u0439 \u0434\u0435\u0442\u0441\u043a\u0438\u0439 \u043a\u0440\u0435\u043c \u0434\u043b\u044f \u043b\u0438\u0446\u0430\" srcset=\"https:\/\/i0.wp.com\/xiranbabycare.com\/wp-content\/uploads\/2023\/09\/icon-512.512-Safe.png?w=512&amp;ssl=1 512w, https:\/\/i0.wp.com\/xiranbabycare.com\/wp-content\/uploads\/2023\/09\/icon-512.512-Safe.png?resize=300%2C300&amp;ssl=1 300w, https:\/\/i0.wp.com\/xiranbabycare.com\/wp-content\/uploads\/2023\/09\/icon-512.512-Safe.png?resize=150%2C150&amp;ssl=1 150w, https:\/\/i0.wp.com\/xiranbabycare.com\/wp-content\/uploads\/2023\/09\/icon-512.512-Safe.png?resize=100%2C100&amp;ssl=1 100w\" sizes=\"(max-width: 512px) 100vw, 512px\" \/>\t\t\t\t\t\t\t\t\t\t\t\t\t\t\t<\/div>\n\t\t\t\t<\/div>\n\t\t\t\t<div class=\"elementor-element elementor-element-91380c8 elementor-widget elementor-widget-heading\" data-id=\"91380c8\" data-element_type=\"widget\" data-e-type=\"widget\" data-widget_type=\"heading.default\">\n\t\t\t\t<div class=\"elementor-widget-container\">\n\t\t\t\t\t<h2 class=\"elementor-heading-title elementor-size-default\">Safe<\/h2>\t\t\t\t<\/div>\n\t\t\t\t<\/div>\n\t\t\t\t\t<\/div>\n\t\t<\/div>\n\t\t\t\t<div class=\"elementor-column elementor-col-25 elementor-inner-column elementor-element elementor-element-c9ddaa3\" data-id=\"c9ddaa3\" data-element_type=\"column\" data-e-type=\"column\">\n\t\t\t<div class=\"elementor-widget-wrap elementor-element-populated\">\n\t\t\t\t\t\t<div class=\"elementor-element elementor-element-cf8a2d7 elementor-widget elementor-widget-image\" data-id=\"cf8a2d7\" data-element_type=\"widget\" data-e-type=\"widget\" data-widget_type=\"image.default\">\n\t\t\t\t<div class=\"elementor-widget-container\">\n\t\t\t\t\t\t\t\t\t\t\t\t\t\t\t<img loading=\"lazy\" decoding=\"async\" width=\"512\" height=\"512\" src=\"https:\/\/i0.wp.com\/xiranbabycare.com\/wp-content\/uploads\/2023\/09\/icon-512.512-Hypoallergenic.png?fit=512%2C512&amp;ssl=1\" class=\"attachment-large size-large wp-image-2237\" alt=\"\u0423\u0432\u043b\u0430\u0436\u043d\u044f\u044e\u0449\u0438\u0439 \u0434\u0435\u0442\u0441\u043a\u0438\u0439 \u043a\u0440\u0435\u043c \u0434\u043b\u044f \u043b\u0438\u0446\u0430\" srcset=\"https:\/\/i0.wp.com\/xiranbabycare.com\/wp-content\/uploads\/2023\/09\/icon-512.512-Hypoallergenic.png?w=512&amp;ssl=1 512w, https:\/\/i0.wp.com\/xiranbabycare.com\/wp-content\/uploads\/2023\/09\/icon-512.512-Hypoallergenic.png?resize=300%2C300&amp;ssl=1 300w, https:\/\/i0.wp.com\/xiranbabycare.com\/wp-content\/uploads\/2023\/09\/icon-512.512-Hypoallergenic.png?resize=150%2C150&amp;ssl=1 150w, https:\/\/i0.wp.com\/xiranbabycare.com\/wp-content\/uploads\/2023\/09\/icon-512.512-Hypoallergenic.png?resize=100%2C100&amp;ssl=1 100w\" sizes=\"(max-width: 512px) 100vw, 512px\" \/>\t\t\t\t\t\t\t\t\t\t\t\t\t\t\t<\/div>\n\t\t\t\t<\/div>\n\t\t\t\t<div class=\"elementor-element elementor-element-e840b3d elementor-widget elementor-widget-heading\" data-id=\"e840b3d\" data-element_type=\"widget\" data-e-type=\"widget\" data-widget_type=\"heading.default\">\n\t\t\t\t<div class=\"elementor-widget-container\">\n\t\t\t\t\t<h2 class=\"elementor-heading-title elementor-size-default\">Hypoallergenic<\/h2>\t\t\t\t<\/div>\n\t\t\t\t<\/div>\n\t\t\t\t\t<\/div>\n\t\t<\/div>\n\t\t\t\t\t<\/div>\n\t\t<\/section>\n\t\t\t\t\t<\/div>\n\t\t<\/div>\n\t\t\t\t\t<\/div>\n\t\t<\/section>\n\t\t\t\t<\/div>\n\t\t<\/div><\/div><\/div>\t\t\t\t<\/div>\n\t\t\t\t<\/div>\n\t\t\t\t\t<\/div>\n\t\t<\/div>\n\t\t\t\t\t<\/div>\n\t\t<\/section>\n\t\t\t\t<\/div>\n\t\t","protected":false},"excerpt":{"rendered":"<p><strong><b>Description:<\/b><\/strong><\/p>\n<p>Voici notre essence corporelle rafra\u00eechissante pour b\u00e9b\u00e9 \u00e0 la feuille de p\u00eacher de marque priv\u00e9e, une solution douce et apaisante con\u00e7ue pour offrir \u00e0 la peau de votre tout-petit le plus grand confort et la plus grande hydratation. Notre formule est d\u00e9licatement formul\u00e9e pour assurer une sensation de fra\u00eecheur \u00e0 l\u2019application, laissant la peau hydrat\u00e9e et revitalis\u00e9e.<\/p>\n<p>Nous comprenons l\u2019importance de n\u2019utiliser que les meilleurs ingr\u00e9dients pour la peau d\u00e9licate de votre b\u00e9b\u00e9, c\u2019est pourquoi notre essence est douce, non irritante et soigneusement s\u00e9lectionn\u00e9e selon les normes les plus \u00e9lev\u00e9es. Sans alcool ni pigments, notre essence donne la priorit\u00e9 au bien-\u00eatre de la peau de votre b\u00e9b\u00e9, garantissant une exp\u00e9rience s\u00fbre et nourrissante \u00e0 chaque utilisation.<\/p>\n<p>Infus\u00e9e des cinq principaux nutriments de soins de la peau, dont l\u2019extrait de calendula, l\u2019essence de feuille de p\u00eacher, l\u2019allanto\u00efne, le SymCalmin* Deminsol et le glycyrrhizinate dipotassique, notre essence offre des soins complets pour que la peau de votre b\u00e9b\u00e9 soit \u00e0 son meilleur.<\/p>\n<p>Au c\u0153ur de notre formule se trouve l\u2019extrait de feuille de p\u00eacher japonais Gufa, r\u00e9put\u00e9 pour ses propri\u00e9t\u00e9s apaisantes et rafra\u00eechissantes, offrant des soins doux pour garder la peau de votre b\u00e9b\u00e9 calme et confortable.<\/p>\n<p>Avec une texture l\u00e9g\u00e8re \u00e0 base d\u2019eau, notre essence p\u00e9n\u00e8tre rapidement dans la peau sans laisser de r\u00e9sidu collant, assurant une exp\u00e9rience douce et confortable \u00e0 chaque application.<\/p>\n<p>D\u00e9couvrez la diff\u00e9rence avec notre essence corporelle rafra\u00eechissante pour b\u00e9b\u00e9 \u00e0 la feuille de p\u00eacher de marque priv\u00e9e et donnez \u00e0 la peau de votre b\u00e9b\u00e9 la nutrition et l\u2019hydratation qu\u2019elle m\u00e9rite, la laissant douce, lisse et rafra\u00eechie.<\/p>\n<p><strong><br \/>\n  <b>Poids net :<\/b><br \/>\n<\/strong> 180 ml<\/p>\n<p><strong><br \/>\n  <b>Bouteille P<\/b><br \/>\n<\/strong><strong><br \/>\n  <b>ackaging<\/b><br \/>\n<\/strong>\ud83d\ude1b lastic<\/p>\n","protected":false},"featured_media":3618,"template":"","meta":{"_seopress_robots_primary_cat":"","_seopress_titles_title":"Essence corporelle rafra\u00eechissante pour b\u00e9b\u00e9 \u00e0 la feuille de p\u00eacher de marque priv\u00e9e","_seopress_titles_desc":"L\u2019essence corporelle rafra\u00eechissante pour b\u00e9b\u00e9 \u00e0 la feuille de p\u00eacher de marque priv\u00e9e \u2014\u2014 La formule douce apporte une touche de confort, hydrate le corps est rafra\u00eechissant.","_seopress_robots_index":""},"product_brand":[],"product_cat":[127],"product_tag":[183],"class_list":{"0":"post-3600","1":"product","2":"type-product","3":"status-publish","4":"has-post-thumbnail","6":"product_cat-soins-aux-bebes","7":"product_tag-essence-corps-bebe","9":"first","10":"instock","11":"shipping-taxable","12":"product-type-simple"},"jetpack_sharing_enabled":true,"_links":{"self":[{"href":"https:\/\/xiranbabycare.com\/fr\/wp-json\/wp\/v2\/product\/3600","targetHints":{"allow":["GET"]}}],"collection":[{"href":"https:\/\/xiranbabycare.com\/fr\/wp-json\/wp\/v2\/product"}],"about":[{"href":"https:\/\/xiranbabycare.com\/fr\/wp-json\/wp\/v2\/types\/product"}],"version-history":[{"count":0,"href":"https:\/\/xiranbabycare.com\/fr\/wp-json\/wp\/v2\/product\/3600\/revisions"}],"wp:featuredmedia":[{"embeddable":true,"href":"https:\/\/xiranbabycare.com\/fr\/wp-json\/wp\/v2\/media\/3618"}],"wp:attachment":[{"href":"https:\/\/xiranbabycare.com\/fr\/wp-json\/wp\/v2\/media?parent=3600"}],"wp:term":[{"taxonomy":"product_brand","embeddable":true,"href":"https:\/\/xiranbabycare.com\/fr\/wp-json\/wp\/v2\/product_brand?post=3600"},{"taxonomy":"product_cat","embeddable":true,"href":"https:\/\/xiranbabycare.com\/fr\/wp-json\/wp\/v2\/product_cat?post=3600"},{"taxonomy":"product_tag","embeddable":true,"href":"https:\/\/xiranbabycare.com\/fr\/wp-json\/wp\/v2\/product_tag?post=3600"}],"curies":[{"name":"wp","href":"https:\/\/api.w.org\/{rel}","templated":true}]}}