{"id":2025,"date":"2023-06-01T06:39:06","date_gmt":"2023-06-01T06:39:06","guid":{"rendered":"https:\/\/xiranbabycare.com\/products\/15ml-serum-pour-les-poches-sous-les-yeux-serum-concentre-anti-age-pour-le-contour-des-yeux\/"},"modified":"2023-06-01T06:39:06","modified_gmt":"2023-06-01T06:39:06","slug":"15ml-sous-les-yeux-serum-anti-age-contour-des-yeux-concentre-serum","status":"publish","type":"product","link":"https:\/\/xiranbabycare.com\/fr\/products\/15ml-sous-les-yeux-serum-anti-age-contour-des-yeux-concentre-serum\/","title":{"rendered":"15ml s\u00e9rum pour les poches sous les yeux s\u00e9rum concentr\u00e9 anti-\u00e2ge pour le contour des yeux"},"content":{"rendered":"<h2 class=\"woocommerce-loop-product__title\">15ml s\u00e9rum pour les poches sous les yeux s\u00e9rum concentr\u00e9 anti-\u00e2ge pour le contour des yeux<\/h2>\n<h2 class=\"woocommerce-loop-product__title\">15ml s\u00e9rum pour les poches sous les yeux s\u00e9rum concentr\u00e9 anti-\u00e2ge pour le contour des yeux<\/h2>\n<h2 class=\"woocommerce-loop-product__title\">15ml s\u00e9rum pour les poches sous les yeux s\u00e9rum concentr\u00e9 anti-\u00e2ge pour le contour des yeux<\/h2>\n<h2 class=\"woocommerce-loop-product__title\">15ml s\u00e9rum pour les poches sous les yeux s\u00e9rum concentr\u00e9 anti-\u00e2ge pour le contour des yeux<\/h2>\n","protected":false},"excerpt":{"rendered":"<p>15ml s\u00e9rum pour les poches sous les yeux s\u00e9rum concentr\u00e9 anti-\u00e2ge pour le contour des yeux<\/p>\n<p>15ml s\u00e9rum pour les poches sous les yeux s\u00e9rum concentr\u00e9 anti-\u00e2ge pour le contour des yeux<\/p>\n<p>15ml s\u00e9rum pour les poches sous les yeux s\u00e9rum concentr\u00e9 anti-\u00e2ge pour le contour des yeux<\/p>\n","protected":false},"featured_media":1471,"template":"","meta":{"_seopress_robots_primary_cat":"","_seopress_titles_title":"","_seopress_titles_desc":"","_seopress_robots_index":""},"product_brand":[],"product_cat":[95],"product_tag":[],"class_list":{"0":"post-2025","1":"product","2":"type-product","3":"status-publish","4":"has-post-thumbnail","6":"product_cat-non-classifiee","8":"first","9":"instock","10":"shipping-taxable","11":"product-type-simple"},"jetpack_sharing_enabled":true,"_links":{"self":[{"href":"https:\/\/xiranbabycare.com\/fr\/wp-json\/wp\/v2\/product\/2025","targetHints":{"allow":["GET"]}}],"collection":[{"href":"https:\/\/xiranbabycare.com\/fr\/wp-json\/wp\/v2\/product"}],"about":[{"href":"https:\/\/xiranbabycare.com\/fr\/wp-json\/wp\/v2\/types\/product"}],"version-history":[{"count":0,"href":"https:\/\/xiranbabycare.com\/fr\/wp-json\/wp\/v2\/product\/2025\/revisions"}],"wp:featuredmedia":[{"embeddable":true,"href":"https:\/\/xiranbabycare.com\/fr\/wp-json\/wp\/v2\/media\/1471"}],"wp:attachment":[{"href":"https:\/\/xiranbabycare.com\/fr\/wp-json\/wp\/v2\/media?parent=2025"}],"wp:term":[{"taxonomy":"product_brand","embeddable":true,"href":"https:\/\/xiranbabycare.com\/fr\/wp-json\/wp\/v2\/product_brand?post=2025"},{"taxonomy":"product_cat","embeddable":true,"href":"https:\/\/xiranbabycare.com\/fr\/wp-json\/wp\/v2\/product_cat?post=2025"},{"taxonomy":"product_tag","embeddable":true,"href":"https:\/\/xiranbabycare.com\/fr\/wp-json\/wp\/v2\/product_tag?post=2025"}],"curies":[{"name":"wp","href":"https:\/\/api.w.org\/{rel}","templated":true}]}}