{"id":1956,"date":"2023-08-30T03:54:41","date_gmt":"2023-08-30T03:54:41","guid":{"rendered":"https:\/\/xiranbabycare.com\/produits-de-lavage\/"},"modified":"2023-08-30T03:54:41","modified_gmt":"2023-08-30T03:54:41","slug":"produits-de-lavage","status":"publish","type":"page","link":"https:\/\/xiranbabycare.com\/fr\/produits-de-lavage\/","title":{"rendered":"Produits de lavage"},"content":{"rendered":"","protected":false},"excerpt":{"rendered":"","protected":false},"author":2,"featured_media":0,"parent":0,"menu_order":0,"comment_status":"closed","ping_status":"closed","template":"","meta":{"_seopress_robots_primary_cat":"","_seopress_titles_title":"Produits de lavage doux pour la peau d\u00e9licate de b\u00e9b\u00e9, sous marque de distributeur","_seopress_titles_desc":"Gardez la peau de votre b\u00e9b\u00e9 propre et douce gr\u00e2ce \u00e0 nos produits de lavage doux. Trouvez la formule parfaite pour votre petit chez Xiran Baby.","_seopress_robots_index":"","footnotes":""},"class_list":["post-1956","page","type-page","status-publish","hentry"],"jetpack_sharing_enabled":true,"_links":{"self":[{"href":"https:\/\/xiranbabycare.com\/fr\/wp-json\/wp\/v2\/pages\/1956","targetHints":{"allow":["GET"]}}],"collection":[{"href":"https:\/\/xiranbabycare.com\/fr\/wp-json\/wp\/v2\/pages"}],"about":[{"href":"https:\/\/xiranbabycare.com\/fr\/wp-json\/wp\/v2\/types\/page"}],"author":[{"embeddable":true,"href":"https:\/\/xiranbabycare.com\/fr\/wp-json\/wp\/v2\/users\/2"}],"replies":[{"embeddable":true,"href":"https:\/\/xiranbabycare.com\/fr\/wp-json\/wp\/v2\/comments?post=1956"}],"version-history":[{"count":0,"href":"https:\/\/xiranbabycare.com\/fr\/wp-json\/wp\/v2\/pages\/1956\/revisions"}],"wp:attachment":[{"href":"https:\/\/xiranbabycare.com\/fr\/wp-json\/wp\/v2\/media?parent=1956"}],"curies":[{"name":"wp","href":"https:\/\/api.w.org\/{rel}","templated":true}]}}